{"id":57,"date":"2021-10-21T06:10:26","date_gmt":"2021-10-21T06:10:26","guid":{"rendered":"http:\/\/faaborgpadel.dk\/?page_id=57"},"modified":"2025-01-15T21:57:55","modified_gmt":"2025-01-15T21:57:55","slug":"bliv-medlem","status":"publish","type":"page","link":"http:\/\/faaborgpadel.dk\/index.php\/bliv-medlem\/","title":{"rendered":"Bliv medlem"},"content":{"rendered":"\n<p><strong>1:<\/strong>&nbsp;Man skal starte med oprette sig som bruger p\u00e5&nbsp;<strong>https:\/\/www.matchi.se<\/strong><br>(de anbefales at man opretter brugeren med sin mail og kode og ikke bruger Facebook)<br><strong>2:&nbsp;<\/strong>V\u00e6lg \u201dSpillesteder\u201d<br><strong>3:<\/strong>&nbsp;V\u00e6lg \u201dFaaborg Padelklub\u201d<br><strong>4:<\/strong>&nbsp;V\u00e6lg \u201dAns\u00f8g og betal for nyt medlemskab her\u201d<br><strong>5:<\/strong>&nbsp;V\u00e6lg \u201dVoksen\u201d eller \u201dJunior\u201d og udfyld felterne og g\u00e5 videre til betaling<\/p>\n\n\n\n<p>Du kan nu booke baner via matchi.dk eller via deres App Matchi<\/p>\n\n\n\n<p><\/p>\n\n\n\n<p><\/p>\n\n\n\n<h2 class=\"wp-block-heading has-text-align-left\">Faaborg Padels retningslinjer:<\/h2>\n\n\n\n<p><\/p>\n\n\n\n<p> <\/p>\n\n\n\n<p class=\"has-text-align-center\"><\/p>\n\n\n\n<p>Velkommen til Faaborg Padel<\/p>\n\n\n\n<p>Her er en lille oversigt over regler og hensyn i Faaborg Padel omr\u00e5det.<\/p>\n\n\n\n<p>1.\u00a0\u00a0\u00a0\u00a0\u00a0 Bookning af bane sker via MATCHI.<br><\/p>\n\n\n\n<p>2.\u00a0\u00a0\u00a0\u00a0\u00a0 Man skriver mails p\u00e5 de medlemmer man \u00f8nsker at spille med, ved bookningen af banen. Hvis alle er medlemmer, vil der ikke skulle betales noget for banen. Er en eller flere ikke medlem, vil man blive opkr\u00e6vet banepris for deres del af banen.<br><\/p>\n\n\n\n<p>3.\u00a0\u00a0\u00a0\u00a0\u00a0 Det er muligt at dele sin MATCHi profil med andre, s\u00e5 man ikke skal taste mails ved bookning.<br><\/p>\n\n\n\n<p>4.\u00a0\u00a0\u00a0\u00a0\u00a0 Man tilsendes en kode n\u00e5r man har booket en bane. Denne kode vil give adgang til d\u00f8ren ind til hallen ved indend\u00f8rs bookning, eller til d\u00f8ren ind til den p\u00e5g\u00e6ldende udend\u00f8rsbane man har booket.<br><\/p>\n\n\n\n<p>5.\u00a0\u00a0\u00a0\u00a0\u00a0 Der er l\u00e5nebat ved indend\u00f8rsbanerne, men ikke ved udend\u00f8rsbanerne.<\/p>\n\n\n\n<p><br>6.\u00a0\u00a0\u00a0\u00a0\u00a0 Bolde skal man selv medbringe. Der kan ligge brugte bolde i en kasse ved indend\u00f8rsbanerne. Disse vil variere meget i kvalitet og m\u00e5ske ikke v\u00e6re gode i forholdt til at kunne hoppe som de skal.<\/p>\n\n\n\n<p><br>7.\u00a0\u00a0\u00a0\u00a0\u00a0 Lyset t\u00e6nder 5 min f\u00f8r start af bookningen p\u00e5 p\u00e5g\u00e6ldende bane og slukker 5 min efter endt bookning.<\/p>\n\n\n\n<p><br>8.\u00a0\u00a0\u00a0\u00a0\u00a0 Der tages hensyn til andre spillere, til faciliteterne og til udstyret man l\u00e5ner. <\/p>\n\n\n\n<p>9.\u00a0\u00a0\u00a0\u00a0\u00a0 Efter endt spil, rydder man op efter sig. Det vil sige at bolde fjernes, l\u00e5nebat oph\u00e6nges og evt. emballage fra bolde smides i skraldespand. Evt tomme flasker stilles tilbage i flaskekassen og d\u00e5ser ligges i papkassen for pant.<\/p>\n\n\n\n<p><br>10.\u00a0\u00a0\u00a0\u00a0 Alle medlemmer m\u00e5 l\u00e5ne boldkanonen. Den befinder sig i rummet til venstre n\u00e5r man kommer ind i hallen ved banerne. Boldmaskinen m\u00e5 kun anvendes p\u00e5 indend\u00f8rsbanerne.<\/p>\n\n\n\n<p><br>11.\u00a0\u00a0\u00a0\u00a0 Boldkanon m\u00e5 ikke bruges i primetime, s\u00e5 kun hvor banerne kan bookes til billig takst.<\/p>\n\n\n\n<p><br>12.\u00a0\u00a0\u00a0\u00a0 Boldkanon kan ikke reserveres og bruges efter f\u00f8rst til m\u00f8lle princip. Er der klubtr\u00e6ning har de f\u00f8rsteret til boldkanonen.<\/p>\n\n\n\n<p><br>13.\u00a0\u00a0\u00a0\u00a0 Kode til skab er pt : (sendes til medlemmer)<\/p>\n\n\n\n<p><br>14.\u00a0\u00a0\u00a0\u00a0 Efter endt brug af boldmaskine, stilles den retur i skab og tilsluttes lader, s\u00e5 den er klar til n\u00e6ste medlem.<\/p>\n\n\n\n<p><br>15.\u00a0\u00a0\u00a0\u00a0 Der er en st\u00f8vsuger p\u00e5 skabet til boldkanon. Denne bruges til at st\u00f8vsuge filt fra tennisbolde op fra underlaget p\u00e5 banen. St\u00f8vsugeren t\u00f8mmes i skraldespanden og s\u00e6ttes retur til ladning.<\/p>\n\n\n\n<p><br>16.\u00a0\u00a0\u00a0\u00a0 Der findes div. grupper p\u00e5 messenger blandt medlemmer, hvor man finder spillere. Der er ogs\u00e5 en offentlig facebook gruppe, hvor man kan sl\u00e5 op hvis man mangler medspillere. Den hedder \u201cFaaborg Padel &#8211; Find med- og modspillere\u201d.<\/p>\n\n\n\n<p><br>17.\u00a0\u00a0\u00a0\u00a0 Der er tr\u00e6nere, som man kan kontakte selv og arrangere tr\u00e6ning. Dette sker uden for Faaborg Padels regi, s\u00e5 bane bookes \/ betales som ved normal bookning.<\/p>\n\n\n\n<p><br>18.\u00a0\u00a0\u00a0\u00a0 Der vil i perioder v\u00e6re tr\u00e6ning for begyndere, let \u00f8vet og \u00f8vet, samt ungdom. Hold dig evt. orienteret p\u00e5 Faaborg Padels facebook side eller her p\u00e5 hjemmesiden.<\/p>\n\n\n\n<p><br>19.\u00a0\u00a0\u00a0\u00a0 Der er k\u00f8leskab ved indend\u00f8rsbanerne med drikkelse, bolde mm. Det kan tilg\u00e5s med kode p\u00e5 h\u00e6ngel\u00e5sen. Der betales for varen via Mobilpay inden varen tages ud af skabet, s\u00e5 man husker betalingen. Priser og Mobilpay nr. er oplyst p\u00e5 skabet. Husk at l\u00e5se k\u00f8leskab igen efter man har handlet.<\/p>\n\n\n\n<p><br>\u00a020.\u00a0\u00a0\u00a0\u00a0 Kode til k\u00f8leskab er : (sendes til medlemmer)<\/p>\n\n\n\n<p><br>\u00a021.\u00a0\u00a0\u00a0\u00a0 Mad kan k\u00f8bes i hallens cafe, n\u00e5r den er \u00e5ben.<\/p>\n\n\n\n<p><br>\u00a022.\u00a0\u00a0\u00a0\u00a0 Medbragt drikkelse og mad er ikke tilladt i hallen.<\/p>\n\n\n\n<p><br>\u00a023.\u00a0\u00a0\u00a0\u00a0 Faaborg Padel har flere hold tilmeldt til Lunarliga. \u00d8nsker man at v\u00e6re med p\u00e5 et hold, kan man skrive til Faaborg Padel p\u00e5 facebook eller email. S\u00e5 vil man blive sat i forbindelse med holdkaptajnerne.<\/p>\n\n\n\n<p><br>24.\u00a0\u00a0\u00a0\u00a0 Lunarliga har en for\u00e5rs s\u00e6son og en efter\u00e5rs s\u00e6son. Der skal tilmeldes til et hold, inden opstart af s\u00e6sonen.<\/p>\n\n\n\n<p><br>25.\u00a0\u00a0\u00a0\u00a0 Ved tilmeldning til Lunarliga, skal man betale for sin license ved siden af sit abonnement og man skal k\u00f8be en klubtr\u00f8je\/spillert\u00f8j.<\/p>\n\n\n\n<p><br>26.\u00a0\u00a0\u00a0\u00a0 Husk at v\u00e6re im\u00f8dekommen og hj\u00e6lpsom over for andre brugere af banen og hj\u00e6lp med den gode stemning.<\/p>\n\n\n\n<p>Vel m\u00f8dt p\u00e5 banerne.<\/p>\n\n\n\n<p>Venlig hilsen<br>Bestyrelsen<br>Faaborg Padel<\/p>\n\n\n\n<p><\/p>\n","protected":false},"excerpt":{"rendered":"<p>1:&nbsp;Man skal starte med oprette sig som bruger p\u00e5&nbsp;https:\/\/www.matchi.se(de anbefales at man opretter brugeren med sin mail og kode og ikke bruger Facebook)2:&nbsp;V\u00e6lg \u201dSpillesteder\u201d3:&nbsp;V\u00e6lg \u201dFaaborg Padelklub\u201d4:&nbsp;V\u00e6lg \u201dAns\u00f8g og betal for nyt medlemskab her\u201d5:&nbsp;V\u00e6lg \u201dVoksen\u201d eller \u201dJunior\u201d og udfyld felterne og g\u00e5 videre til betaling Du kan nu booke baner via matchi.dk eller via deres App [&hellip;]<\/p>\n","protected":false},"author":1,"featured_media":0,"parent":0,"menu_order":0,"comment_status":"closed","ping_status":"closed","template":"","meta":{"footnotes":""},"class_list":["post-57","page","type-page","status-publish","hentry"],"_links":{"self":[{"href":"http:\/\/faaborgpadel.dk\/index.php\/wp-json\/wp\/v2\/pages\/57","targetHints":{"allow":["GET"]}}],"collection":[{"href":"http:\/\/faaborgpadel.dk\/index.php\/wp-json\/wp\/v2\/pages"}],"about":[{"href":"http:\/\/faaborgpadel.dk\/index.php\/wp-json\/wp\/v2\/types\/page"}],"author":[{"embeddable":true,"href":"http:\/\/faaborgpadel.dk\/index.php\/wp-json\/wp\/v2\/users\/1"}],"replies":[{"embeddable":true,"href":"http:\/\/faaborgpadel.dk\/index.php\/wp-json\/wp\/v2\/comments?post=57"}],"version-history":[{"count":7,"href":"http:\/\/faaborgpadel.dk\/index.php\/wp-json\/wp\/v2\/pages\/57\/revisions"}],"predecessor-version":[{"id":259,"href":"http:\/\/faaborgpadel.dk\/index.php\/wp-json\/wp\/v2\/pages\/57\/revisions\/259"}],"wp:attachment":[{"href":"http:\/\/faaborgpadel.dk\/index.php\/wp-json\/wp\/v2\/media?parent=57"}],"curies":[{"name":"wp","href":"https:\/\/api.w.org\/{rel}","templated":true}]}}