{"id":46,"date":"2021-10-10T07:04:27","date_gmt":"2021-10-10T07:04:27","guid":{"rendered":"http:\/\/faaborgpadel.dk\/?page_id=46"},"modified":"2025-06-08T19:56:36","modified_gmt":"2025-06-08T19:56:36","slug":"traening","status":"publish","type":"page","link":"http:\/\/faaborgpadel.dk\/index.php\/traening\/","title":{"rendered":"Tr\u00e6ning"},"content":{"rendered":"\n<p><strong>Der er sommerpause p\u00e5 tr\u00e6ning.<\/strong><\/p>\n\n\n\n<p><\/p>\n\n\n\n<p><strong>Nedenst\u00e5ende er g\u00e6ldende til og med 31-03-2025<\/strong><\/p>\n\n\n\n<p><strong>Mandag<\/strong><\/p>\n\n\n\n<p class=\"has-text-align-left\">Ungdomstr\u00e6ning \u2013 alle niveauer ( 10-16 \u00e5r) kl. 15.30-17.00<\/p>\n\n\n\n<p class=\"has-text-align-left\"><\/p>\n\n\n\n<p><strong>Tirsdag<\/strong><\/p>\n\n\n\n<p class=\"has-text-align-left\">Voksen let \u00f8vet &#8211; for medlemmer kl. 20.00-21.30<br>Pris 50,- kr. pr. gang\/person (plus gebyr MATCHI)<\/p>\n\n\n\n<p class=\"has-text-align-left\"><\/p>\n\n\n\n<p><strong>Onsdag<\/strong><\/p>\n\n\n\n<p><strong>Ungdomstr\u00e6ning<\/strong> \u2013 alle niveauer (10-16 \u00e5r) kl. 15.30-17.00 (Americano)<\/p>\n\n\n\n<p><strong>Tr\u00e6ning \u00f8vet<\/strong> &#8211; for medlemmer kl. 20.00-21.30<br>Pris 50,- kr. pr. gang\/person (plus gebyr MATCHI)<\/p>\n\n\n\n<p class=\"has-text-align-left\"><\/p>\n\n\n\n<p class=\"has-text-align-left\"><strong>L\u00f8rdag<\/strong><\/p>\n\n\n\n<p class=\"has-text-align-left\"><strong>Tr\u00e6ning \u00f8vet<\/strong> &#8211; for medlemmer kl. 9.30-11.00<br>Pris 50,- kr. pr. gang\/person (plus gebyr MATCHI)<\/p>\n\n\n\n<p><\/p>\n\n\n\n<p class=\"has-text-align-left\"><\/p>\n\n\n\n<p><\/p>\n\n\n\n<p><strong>Tr\u00e6ning bookes p\u00e5 Matchi.se under aktiviteter n\u00e5r man er medlem af Faaborg padel.<\/strong><\/p>\n\n\n\n<p><\/p>\n\n\n\n<h2 class=\"wp-block-heading\">Yderlig info<\/h2>\n\n\n\n<p><strong>Ungdomstr\u00e6ning for b\u00f8rn<\/strong><\/p>\n\n\n\n<p>Ungdomstr\u00e6ning for b\u00f8rn mellem 10-16 \u00e5r hver mandag &amp; onsdag.<\/p>\n\n\n\n<p>For alle uanset om man har erfaring med ketcher spil eller ej. Vi har det sjovt og udforsker padelspillet gennem bev\u00e6gelsesm\u00f8nstre, spille\u00f8velser og teknik.<\/p>\n\n\n\n<p><strong>Personlig tr\u00e6ning<\/strong><\/p>\n\n\n\n<p>Det er muligt at kontakte en tr\u00e6ner og f\u00e5 personlig tr\u00e6ning. Dette sker for egen betaling, hvor bane bookes efter normale regler, s\u00e5 der kr\u00e6ves 4 personer til en banebookning. Tr\u00e6ner skal afregnes direkte. Alt personlig tr\u00e6ning sker uden om Faaborg Padel. Vi formidler kun info p\u00e5 tr\u00e6nere, som mulighed:<\/p>\n\n\n\n<p><strong>Personlige tr\u00e6nere:<\/strong><\/p>\n\n\n\n<p>Lone Wengenroth &#8211; Telefon 5134 4757 &#8211; Mail lone@hojagergaard.dk<\/p>\n\n\n\n<p>-&#8220;Hej. Mit navn er Lone Wengenroth. Som padeltr\u00e6ner gennem de sidste 3 \u00e5r, har jeg tilrettelagt flere ugentlige tr\u00e6ningssessioner for spillere fra nybegyndere til \u00f8vede. Tr\u00e6ningen tilpasses den enkeltes behov med fokus p\u00e5 b\u00e5de teknik og taktik. Som tr\u00e6ner er jeg udadvendt og energisk. Jeg spiller selv p\u00e5 et dame divisionshold i en anden klub under Lunar Ligaen. Det er muligt at v\u00e6re 1-4 spillere p\u00e5 \u00e9n tr\u00e6ning. Kontakt mig for yderlig info. Ser frem til at h\u00f8re fra dig\/jer&#8221;.<\/p>\n","protected":false},"excerpt":{"rendered":"<p>Der er sommerpause p\u00e5 tr\u00e6ning. Nedenst\u00e5ende er g\u00e6ldende til og med 31-03-2025 Mandag Ungdomstr\u00e6ning \u2013 alle niveauer ( 10-16 \u00e5r) kl. 15.30-17.00 Tirsdag Voksen let \u00f8vet &#8211; for medlemmer kl. 20.00-21.30Pris 50,- kr. pr. gang\/person (plus gebyr MATCHI) Onsdag Ungdomstr\u00e6ning \u2013 alle niveauer (10-16 \u00e5r) kl. 15.30-17.00 (Americano) Tr\u00e6ning \u00f8vet &#8211; for medlemmer kl. 20.00-21.30Pris [&hellip;]<\/p>\n","protected":false},"author":1,"featured_media":0,"parent":0,"menu_order":0,"comment_status":"closed","ping_status":"closed","template":"","meta":{"footnotes":""},"class_list":["post-46","page","type-page","status-publish","hentry"],"_links":{"self":[{"href":"http:\/\/faaborgpadel.dk\/index.php\/wp-json\/wp\/v2\/pages\/46","targetHints":{"allow":["GET"]}}],"collection":[{"href":"http:\/\/faaborgpadel.dk\/index.php\/wp-json\/wp\/v2\/pages"}],"about":[{"href":"http:\/\/faaborgpadel.dk\/index.php\/wp-json\/wp\/v2\/types\/page"}],"author":[{"embeddable":true,"href":"http:\/\/faaborgpadel.dk\/index.php\/wp-json\/wp\/v2\/users\/1"}],"replies":[{"embeddable":true,"href":"http:\/\/faaborgpadel.dk\/index.php\/wp-json\/wp\/v2\/comments?post=46"}],"version-history":[{"count":28,"href":"http:\/\/faaborgpadel.dk\/index.php\/wp-json\/wp\/v2\/pages\/46\/revisions"}],"predecessor-version":[{"id":286,"href":"http:\/\/faaborgpadel.dk\/index.php\/wp-json\/wp\/v2\/pages\/46\/revisions\/286"}],"wp:attachment":[{"href":"http:\/\/faaborgpadel.dk\/index.php\/wp-json\/wp\/v2\/media?parent=46"}],"curies":[{"name":"wp","href":"https:\/\/api.w.org\/{rel}","templated":true}]}}