{"id":296,"date":"2025-09-07T19:27:34","date_gmt":"2025-09-07T19:27:34","guid":{"rendered":"http:\/\/faaborgpadel.dk\/?page_id=296"},"modified":"2025-09-25T14:41:37","modified_gmt":"2025-09-25T14:41:37","slug":"webshop","status":"publish","type":"page","link":"http:\/\/faaborgpadel.dk\/index.php\/webshop\/","title":{"rendered":"Webshop"},"content":{"rendered":"\n<p>Her kan du k\u00f8be padel- og tr\u00e6ningst\u00f8j med Faaborg Padels logo p\u00e5.<\/p>\n\n\n\n<p>Det er ogs\u00e5 muligt at k\u00f8be spillertr\u00f8je, med navn og sponsorer p\u00e5.<\/p>\n\n\n\n<p>Klik p\u00e5 linket for at komme til webshop:<\/p>\n\n\n\n<p><a href=\"http:\/\/www.zejr.dk\/fp-shop\">Webshop<\/a><\/p>\n\n\n\n<p><\/p>\n","protected":false},"excerpt":{"rendered":"<p>Her kan du k\u00f8be padel- og tr\u00e6ningst\u00f8j med Faaborg Padels logo p\u00e5. Det er ogs\u00e5 muligt at k\u00f8be spillertr\u00f8je, med navn og sponsorer p\u00e5. Klik p\u00e5 linket for at komme til webshop: Webshop<\/p>\n","protected":false},"author":3,"featured_media":0,"parent":0,"menu_order":0,"comment_status":"closed","ping_status":"closed","template":"","meta":{"footnotes":""},"class_list":["post-296","page","type-page","status-publish","hentry"],"_links":{"self":[{"href":"http:\/\/faaborgpadel.dk\/index.php\/wp-json\/wp\/v2\/pages\/296","targetHints":{"allow":["GET"]}}],"collection":[{"href":"http:\/\/faaborgpadel.dk\/index.php\/wp-json\/wp\/v2\/pages"}],"about":[{"href":"http:\/\/faaborgpadel.dk\/index.php\/wp-json\/wp\/v2\/types\/page"}],"author":[{"embeddable":true,"href":"http:\/\/faaborgpadel.dk\/index.php\/wp-json\/wp\/v2\/users\/3"}],"replies":[{"embeddable":true,"href":"http:\/\/faaborgpadel.dk\/index.php\/wp-json\/wp\/v2\/comments?post=296"}],"version-history":[{"count":2,"href":"http:\/\/faaborgpadel.dk\/index.php\/wp-json\/wp\/v2\/pages\/296\/revisions"}],"predecessor-version":[{"id":300,"href":"http:\/\/faaborgpadel.dk\/index.php\/wp-json\/wp\/v2\/pages\/296\/revisions\/300"}],"wp:attachment":[{"href":"http:\/\/faaborgpadel.dk\/index.php\/wp-json\/wp\/v2\/media?parent=296"}],"curies":[{"name":"wp","href":"https:\/\/api.w.org\/{rel}","templated":true}]}}